{"id":32,"date":"2018-03-27T14:03:35","date_gmt":"2018-03-27T14:03:35","guid":{"rendered":"http:\/\/voluntar.unitbv.ro\/?page_id=32"},"modified":"2018-07-27T13:44:36","modified_gmt":"2018-07-27T13:44:36","slug":"home","status":"publish","type":"page","link":"https:\/\/voluntar.unitbv.ro\/","title":{"rendered":"Acas\u0103"},"content":{"rendered":"<p>\u00centruc\u00e2t ne dorim ca voi, studen\u021bii Universit\u0103\u021bii Transilvania din Bra\u0219ov, s\u0103 descoperi\u021bi multiplele beneficii ale voluntariatului \u0219i, \u00een acela\u0219i timp, s\u0103 v\u0103 implica\u021bi activ \u00een via\u021ba comunit\u0103\u021bii, ne-am propus s\u0103 construim prima platform\u0103 online de voluntariat din \u021bar\u0103, destinat\u0103 exclusiv studen\u021bilor.<\/p>\n<p>Aceast\u0103 platform\u0103 se dore\u0219te a fi un loc virtual de \u00eent\u00e2lnire a studen\u021bilor dornici de autocunoa\u0219tere \u0219i intercunoa\u0219tere, de dezvoltare personal\u0103 \u0219i profesional\u0103 cu organiza\u021biile publice \u0219i private din jude\u021bul Bra\u0219ov, interesate s\u0103 lucreze cu voluntari.<\/p>\n","protected":false},"excerpt":{"rendered":"<p>\u00centruc\u00e2t ne dorim ca voi, studen\u021bii Universit\u0103\u021bii Transilvania din Bra\u0219ov, s\u0103 descoperi\u021bi multiplele beneficii ale voluntariatului \u0219i, \u00een acela\u0219i timp, s\u0103 v\u0103 implica\u021bi activ \u00een via\u021ba comunit\u0103\u021bii, ne-am propus s\u0103 construim prima platform\u0103 online de voluntariat din \u021bar\u0103, destinat\u0103 exclusiv studen\u021bilor. Aceast\u0103 platform\u0103 se dore\u0219te a fi un loc virtual de \u00eent\u00e2lnire a studen\u021bilor dornici [&hellip;]<\/p>\n","protected":false},"author":1,"featured_media":0,"parent":0,"menu_order":0,"comment_status":"closed","ping_status":"closed","template":"","meta":[],"acf":[],"_links":{"self":[{"href":"https:\/\/voluntar.unitbv.ro\/index.php?rest_route=\/wp\/v2\/pages\/32"}],"collection":[{"href":"https:\/\/voluntar.unitbv.ro\/index.php?rest_route=\/wp\/v2\/pages"}],"about":[{"href":"https:\/\/voluntar.unitbv.ro\/index.php?rest_route=\/wp\/v2\/types\/page"}],"author":[{"embeddable":true,"href":"https:\/\/voluntar.unitbv.ro\/index.php?rest_route=\/wp\/v2\/users\/1"}],"replies":[{"embeddable":true,"href":"https:\/\/voluntar.unitbv.ro\/index.php?rest_route=%2Fwp%2Fv2%2Fcomments&post=32"}],"version-history":[{"count":12,"href":"https:\/\/voluntar.unitbv.ro\/index.php?rest_route=\/wp\/v2\/pages\/32\/revisions"}],"predecessor-version":[{"id":380,"href":"https:\/\/voluntar.unitbv.ro\/index.php?rest_route=\/wp\/v2\/pages\/32\/revisions\/380"}],"wp:attachment":[{"href":"https:\/\/voluntar.unitbv.ro\/index.php?rest_route=%2Fwp%2Fv2%2Fmedia&parent=32"}],"curies":[{"name":"wp","href":"https:\/\/api.w.org\/{rel}","templated":true}]}}